{"id":18388,"date":"2025-04-15T14:15:59","date_gmt":"2025-04-15T12:15:59","guid":{"rendered":"https:\/\/mesanacorporate.com\/legal-notice\/"},"modified":"2026-02-24T19:07:09","modified_gmt":"2026-02-24T18:07:09","slug":"aviso-legal","status":"publish","type":"page","link":"https:\/\/mesanacorporate.com\/es\/aviso-legal\/","title":{"rendered":"Aviso Legal"},"content":{"rendered":"\t\t<div data-elementor-type=\"wp-page\" data-elementor-id=\"18388\" class=\"elementor elementor-18388 elementor-17156\">\n\t\t\t\t<div class=\"elementor-element elementor-element-637ad97 e-flex e-con-boxed e-con e-parent \" data-id=\"637ad97\" data-element_type=\"container\" data-e-type=\"container\" data-settings=\"{&quot;background_background&quot;:&quot;classic&quot;}\">\t\t\t<div class=\"e-con-inner\">\r\n\t\t\t\t<div class=\"elementor-element elementor-element-2783e6f1 elementor-widget elementor-widget-text-editor\" data-id=\"2783e6f1\" data-element_type=\"widget\" data-e-type=\"widget\" data-widget_type=\"text-editor.default\">\n\t\t\t\t<div class=\"elementor-widget-container\">\n\t\t\t\t\t\t\t\t\t<h4>1. Datos Identificativos<\/h4><p>Para dar cumplimiento a lo previsto en la Ley 34\/2002 de Servicios de la Sociedad de la Informaci\u00f3n y de Comercio Electr\u00f3nico y dem\u00e1s normativa aplicable, a continuaci\u00f3n, se indican los datos de informaci\u00f3n general de este sitio web:<\/p><p><strong>Nombre de dominio:<\/strong>\u00a0www.mesanacorporate.com<br \/><strong>Denominaci\u00f3n social:<\/strong> Mesana Corporate Advisory, S.L. (en adelante, la \u201cCOMPA\u00d1\u00cdA\u201d) <br \/><strong>NIF:<\/strong> B75605626<br \/><strong>Domicilio social:<\/strong>\u00a0c\/ Serrano 107, 28006, Madrid<br \/><strong>E-mail:<\/strong> <a href=\"mailto:info@mesanacorporacion.com\">info@mesanacorporacion.com<\/a><\/p><h4>\u00a0<\/h4><h4>2. Usuarios<\/h4><p>Toda persona que acceda a este sitio web asume el papel de USUARIO, comprometi\u00e9ndose a la observancia y cumplimiento riguroso de las disposiciones aqu\u00ed dispuestas, as\u00ed como a cualquier otra disposici\u00f3n legal que fuera de aplicaci\u00f3n.<\/p><h4>\u00a0<\/h4><h4>3. Uso del Portal<\/h4><p>La p\u00e1gina web proporciona el acceso a multitud de informaciones, servicios, programas o datos (en adelante, \u201clos contenidos\u201d) en Internet pertenecientes a la COMPA\u00d1\u00cdA, o a sus licenciantes a los que el USUARIO pueda tener acceso. El USUARIO asume la responsabilidad del uso del portal.<\/p><p>El USUARIO se compromete a hacer un uso adecuado de los contenidos y servicios que la COMPA\u00d1\u00cdA ofrece a trav\u00e9s de su portal y con car\u00e1cter enunciativo pero no limitativo, a no emplearlos para (i) incurrir en actividades il\u00edcitas, ilegales o contrarias a la buena fe y al orden p\u00fablico; (ii) provocar da\u00f1os en los sistemas f\u00edsicos y l\u00f3gicos de , de sus proveedores o de terceras personas, introducir o difundir en la red virus inform\u00e1ticos o cualesquiera otros sistemas f\u00edsicos o l\u00f3gicos que sean susceptibles de provocar los da\u00f1os anteriormente mencionados; (iii) intentar acceder y, en su caso, utilizar las cuentas de correo electr\u00f3nico de otros usuarios y modificar o manipular sus mensajes. , adopta las medidas t\u00e9cnicas y organizativas necesarias para garantizar la protecci\u00f3n de los datos de car\u00e1cter personal y evitar su alteraci\u00f3n, p\u00e9rdida, tratamiento y\/o acceso no autorizado, de acuerdo al estado de la t\u00e9cnica, valoraci\u00f3n de riesgos y tipolog\u00eda de datos.<\/p><h4>4. Propiedad Intelectual e Industrial<\/h4><p>La COMPA\u00d1\u00cdA, por s\u00ed o como cesionaria, es titular de todos los derechos de propiedad intelectual e industrial de su p\u00e1gina web, as\u00ed como de los elementos contenidos en la misma (a t\u00edtulo enunciativo, im\u00e1genes, sonido, audio, v\u00eddeo, software o textos; marcas o logotipos, combinaciones de colores, estructura y dise\u00f1o, selecci\u00f3n de materiales usados, programas de ordenador necesarios para su funcionamiento, acceso y uso, etc.), salvo que se indique lo contrario.<\/p><p>Todos los derechos est\u00e1n reservados. Independientemente de la finalidad para la que fueran destinados, la reproducci\u00f3n total o parcial, uso, explotaci\u00f3n, distribuci\u00f3n y comercializaci\u00f3n, requiere en todo caso la autorizaci\u00f3n escrita previa por parte de la COMPA\u00d1\u00cdA. Cualquier uso no autorizado previamente se considera un incumplimiento grave de los derechos de propiedad intelectual o industrial del autor.<\/p><p>El USUARIO se compromete a respetar los derechos de propiedad intelectual e industrial titularidad de la COMPA\u00d1\u00cdA. Podr\u00e1 visualizar los elementos del portal e incluso imprimirlos, copiarlos y almacenarlos en el disco duro de su ordenador o en cualquier otro soporte f\u00edsico siempre y cuando sea, \u00fanica y exclusivamente, para su uso personal y privado. El USUARIO deber\u00e1 abstenerse de suprimir, alterar, eludir o manipular cualquier dispositivo de protecci\u00f3n o sistema de seguridad que estuviera instalado en las p\u00e1ginas de la COMPA\u00d1\u00cdA.<\/p><h4>\u00a0<\/h4><h4>5.- Exclusi\u00f3n de Garant\u00edas y Responsabilidad<\/h4><p>La COMPA\u00d1\u00cdA, no se hace responsable, en ning\u00fan caso, de los da\u00f1os y perjuicios de cualquier naturaleza que pudieran ocasionar, a t\u00edtulo enunciativo: errores u omisiones en los contenidos, falta de disponibilidad del portal o la transmisi\u00f3n de virus o programas maliciosos o lesivos en los contenidos, a pesar de haber adoptado todas las medidas tecnol\u00f3gicas necesarias para evitarlo.<\/p><h4>\u00a0<\/h4><h4>6. Modificaci\u00f3n de las presentes condiciones y duraci\u00f3n<\/h4><p>La COMPA\u00d1\u00cdA, se reserva el derecho de efectuar sin previo aviso las modificaciones que considere oportunas en su portal, pudiendo cambiar, suprimir o a\u00f1adir tanto los contenidos y servicios que se presten a trav\u00e9s de la misma como la forma en la que \u00e9stos aparezcan presentados o localizados en su portal, siendo debidamente publicadas como aqu\u00ed aparecen. La vigencia de las citadas condiciones ir\u00e1 en funci\u00f3n de su exposici\u00f3n y estar\u00e1n debidamente publicadas hasta que sean modificadas por otras<\/p><h4>\u00a0<\/h4><h4>7. Enlaces<\/h4><p>En el caso de que en se dispusiesen enlaces o hiperv\u00ednculos hac\u00eda otros sitios de Internet, la COMPA\u00d1\u00cdA, no ejercer\u00e1 ning\u00fan tipo de control sobre dichos sitios y contenidos. En ning\u00fan caso, asumir\u00e1 responsabilidad alguna por los contenidos de alg\u00fan enlace perteneciente a un sitio web ajeno, ni garantizar\u00e1 la disponibilidad t\u00e9cnica, calidad, fiabilidad, exactitud, amplitud, veracidad, validez y constitucionalidad de cualquier material o informaci\u00f3n contenida en ninguno de dichos hiperv\u00ednculos u otros sitios de Internet. Igualmente, la inclusi\u00f3n de estas conexiones externas no implicar\u00e1 ning\u00fan tipo de asociaci\u00f3n, fusi\u00f3n o participaci\u00f3n con las entidades conectadas.<\/p><h4>\u00a0<\/h4><h4>8. Generalidades<\/h4><p>La COMPA\u00d1\u00cdA, perseguir\u00e1 el incumplimiento de las presentes condiciones, as\u00ed como cualquier utilizaci\u00f3n indebida de su portal ejerciendo todas las acciones civiles y penales que le puedan corresponder en derecho.<\/p><h4>9. Legislaci\u00f3n Aplicable y Jurisdicci\u00f3n<\/h4><p>Para la resoluci\u00f3n de todas las controversias o cuestiones relacionadas con el presente sitio web o de las actividades en \u00e9l desarrolladas, ser\u00e1 de aplicaci\u00f3n la legislaci\u00f3n espa\u00f1ola, a la que se someten expresamente las partes, siendo competentes para la resoluci\u00f3n de todos los conflictos derivados o relacionados con su uso los Juzgados y Tribunales del domicilio del USUARIO o el lugar del cumplimiento de la obligaci\u00f3n.<\/p>\t\t\t\t\t\t\t\t<\/div>\n\t\t\t\t<\/div>\n\t\t\t\t\t<\/div>\r\n\t\t\t\t<\/div>\r\n\t\t\t\t<\/div>\n\t\t","protected":false},"excerpt":{"rendered":"<p>1. Datos Identificativos Para dar cumplimiento a lo previsto en la Ley 34\/2002 de Servicios de la Sociedad de la Informaci\u00f3n y de Comercio Electr\u00f3nico y dem\u00e1s normativa aplicable, a continuaci\u00f3n, se indican los datos de informaci\u00f3n general de este sitio web: Nombre de dominio:\u00a0www.mesanacorporate.com Denominaci\u00f3n social: Mesana Corporate Advisory, S.L. (en adelante, la \u201cCOMPA\u00d1\u00cdA\u201d) [&hellip;]<\/p>\n","protected":false},"author":1,"featured_media":0,"parent":0,"menu_order":0,"comment_status":"closed","ping_status":"closed","template":"","meta":{"footnotes":""},"class_list":["post-18388","page","type-page","status-publish","hentry"],"yoast_head":"<!-- This site is optimized with the Yoast SEO plugin v27.0 - https:\/\/yoast.com\/product\/yoast-seo-wordpress\/ -->\n<title>Mesana Corporate &#8211; Aviso Legal<\/title>\n<meta name=\"robots\" content=\"index, follow, max-snippet:-1, max-image-preview:large, max-video-preview:-1\" \/>\n<link rel=\"canonical\" href=\"https:\/\/mesanacorporate.com\/es\/aviso-legal\/\" \/>\n<meta property=\"og:locale\" content=\"es_ES\" \/>\n<meta property=\"og:type\" content=\"article\" \/>\n<meta property=\"og:title\" content=\"Mesana Corporate &#8211; Aviso Legal\" \/>\n<meta property=\"og:description\" content=\"1. Datos Identificativos Para dar cumplimiento a lo previsto en la Ley 34\/2002 de Servicios de la Sociedad de la Informaci\u00f3n y de Comercio Electr\u00f3nico y dem\u00e1s normativa aplicable, a continuaci\u00f3n, se indican los datos de informaci\u00f3n general de este sitio web: Nombre de dominio:\u00a0www.mesanacorporate.com Denominaci\u00f3n social: Mesana Corporate Advisory, S.L. (en adelante, la \u201cCOMPA\u00d1\u00cdA\u201d) [&hellip;]\" \/>\n<meta property=\"og:url\" content=\"https:\/\/mesanacorporate.com\/es\/aviso-legal\/\" \/>\n<meta property=\"og:site_name\" content=\"Mesana Corporate\" \/>\n<meta property=\"article:modified_time\" content=\"2026-02-24T18:07:09+00:00\" \/>\n<meta name=\"twitter:card\" content=\"summary_large_image\" \/>\n<meta name=\"twitter:label1\" content=\"Tiempo de lectura\" \/>\n\t<meta name=\"twitter:data1\" content=\"4 minutos\" \/>\n<script type=\"application\/ld+json\" class=\"yoast-schema-graph\">{\"@context\":\"https:\/\/schema.org\",\"@graph\":[{\"@type\":\"WebPage\",\"@id\":\"https:\/\/mesanacorporate.com\/es\/aviso-legal\/\",\"url\":\"https:\/\/mesanacorporate.com\/es\/aviso-legal\/\",\"name\":\"Mesana Corporate &#8211; Aviso Legal\",\"isPartOf\":{\"@id\":\"https:\/\/mesanacorporate.com\/es\/#website\"},\"datePublished\":\"2025-04-15T12:15:59+00:00\",\"dateModified\":\"2026-02-24T18:07:09+00:00\",\"breadcrumb\":{\"@id\":\"https:\/\/mesanacorporate.com\/es\/aviso-legal\/#breadcrumb\"},\"inLanguage\":\"es\",\"potentialAction\":[{\"@type\":\"ReadAction\",\"target\":[\"https:\/\/mesanacorporate.com\/es\/aviso-legal\/\"]}]},{\"@type\":\"BreadcrumbList\",\"@id\":\"https:\/\/mesanacorporate.com\/es\/aviso-legal\/#breadcrumb\",\"itemListElement\":[{\"@type\":\"ListItem\",\"position\":1,\"name\":\"Home\",\"item\":\"https:\/\/mesanacorporate.com\/es\/\"},{\"@type\":\"ListItem\",\"position\":2,\"name\":\"Aviso Legal\"}]},{\"@type\":\"WebSite\",\"@id\":\"https:\/\/mesanacorporate.com\/es\/#website\",\"url\":\"https:\/\/mesanacorporate.com\/es\/\",\"name\":\"Mesana Corporate\",\"description\":\"High-value added strategic and corporate finance services\",\"publisher\":{\"@id\":\"https:\/\/mesanacorporate.com\/es\/#organization\"},\"potentialAction\":[{\"@type\":\"SearchAction\",\"target\":{\"@type\":\"EntryPoint\",\"urlTemplate\":\"https:\/\/mesanacorporate.com\/es\/?s={search_term_string}\"},\"query-input\":{\"@type\":\"PropertyValueSpecification\",\"valueRequired\":true,\"valueName\":\"search_term_string\"}}],\"inLanguage\":\"es\"},{\"@type\":\"Organization\",\"@id\":\"https:\/\/mesanacorporate.com\/es\/#organization\",\"name\":\"Mesana Corporaci\u00f3n\",\"url\":\"https:\/\/mesanacorporate.com\/es\/\",\"logo\":{\"@type\":\"ImageObject\",\"inLanguage\":\"es\",\"@id\":\"https:\/\/mesanacorporate.com\/es\/#\/schema\/logo\/image\/\",\"url\":\"https:\/\/mesanacorporate.com\/wp-content\/uploads\/2025\/07\/mesana-corporate-600.jpg\",\"contentUrl\":\"https:\/\/mesanacorporate.com\/wp-content\/uploads\/2025\/07\/mesana-corporate-600.jpg\",\"width\":600,\"height\":600,\"caption\":\"Mesana Corporaci\u00f3n\"},\"image\":{\"@id\":\"https:\/\/mesanacorporate.com\/es\/#\/schema\/logo\/image\/\"}}]}<\/script>\n<!-- \/ Yoast SEO plugin. -->","yoast_head_json":{"title":"Mesana Corporate &#8211; Aviso Legal","robots":{"index":"index","follow":"follow","max-snippet":"max-snippet:-1","max-image-preview":"max-image-preview:large","max-video-preview":"max-video-preview:-1"},"canonical":"https:\/\/mesanacorporate.com\/es\/aviso-legal\/","og_locale":"es_ES","og_type":"article","og_title":"Mesana Corporate &#8211; Aviso Legal","og_description":"1. Datos Identificativos Para dar cumplimiento a lo previsto en la Ley 34\/2002 de Servicios de la Sociedad de la Informaci\u00f3n y de Comercio Electr\u00f3nico y dem\u00e1s normativa aplicable, a continuaci\u00f3n, se indican los datos de informaci\u00f3n general de este sitio web: Nombre de dominio:\u00a0www.mesanacorporate.com Denominaci\u00f3n social: Mesana Corporate Advisory, S.L. (en adelante, la \u201cCOMPA\u00d1\u00cdA\u201d) [&hellip;]","og_url":"https:\/\/mesanacorporate.com\/es\/aviso-legal\/","og_site_name":"Mesana Corporate","article_modified_time":"2026-02-24T18:07:09+00:00","twitter_card":"summary_large_image","twitter_misc":{"Tiempo de lectura":"4 minutos"},"schema":{"@context":"https:\/\/schema.org","@graph":[{"@type":"WebPage","@id":"https:\/\/mesanacorporate.com\/es\/aviso-legal\/","url":"https:\/\/mesanacorporate.com\/es\/aviso-legal\/","name":"Mesana Corporate &#8211; Aviso Legal","isPartOf":{"@id":"https:\/\/mesanacorporate.com\/es\/#website"},"datePublished":"2025-04-15T12:15:59+00:00","dateModified":"2026-02-24T18:07:09+00:00","breadcrumb":{"@id":"https:\/\/mesanacorporate.com\/es\/aviso-legal\/#breadcrumb"},"inLanguage":"es","potentialAction":[{"@type":"ReadAction","target":["https:\/\/mesanacorporate.com\/es\/aviso-legal\/"]}]},{"@type":"BreadcrumbList","@id":"https:\/\/mesanacorporate.com\/es\/aviso-legal\/#breadcrumb","itemListElement":[{"@type":"ListItem","position":1,"name":"Home","item":"https:\/\/mesanacorporate.com\/es\/"},{"@type":"ListItem","position":2,"name":"Aviso Legal"}]},{"@type":"WebSite","@id":"https:\/\/mesanacorporate.com\/es\/#website","url":"https:\/\/mesanacorporate.com\/es\/","name":"Mesana Corporate","description":"High-value added strategic and corporate finance services","publisher":{"@id":"https:\/\/mesanacorporate.com\/es\/#organization"},"potentialAction":[{"@type":"SearchAction","target":{"@type":"EntryPoint","urlTemplate":"https:\/\/mesanacorporate.com\/es\/?s={search_term_string}"},"query-input":{"@type":"PropertyValueSpecification","valueRequired":true,"valueName":"search_term_string"}}],"inLanguage":"es"},{"@type":"Organization","@id":"https:\/\/mesanacorporate.com\/es\/#organization","name":"Mesana Corporaci\u00f3n","url":"https:\/\/mesanacorporate.com\/es\/","logo":{"@type":"ImageObject","inLanguage":"es","@id":"https:\/\/mesanacorporate.com\/es\/#\/schema\/logo\/image\/","url":"https:\/\/mesanacorporate.com\/wp-content\/uploads\/2025\/07\/mesana-corporate-600.jpg","contentUrl":"https:\/\/mesanacorporate.com\/wp-content\/uploads\/2025\/07\/mesana-corporate-600.jpg","width":600,"height":600,"caption":"Mesana Corporaci\u00f3n"},"image":{"@id":"https:\/\/mesanacorporate.com\/es\/#\/schema\/logo\/image\/"}}]}},"_links":{"self":[{"href":"https:\/\/mesanacorporate.com\/es\/wp-json\/wp\/v2\/pages\/18388","targetHints":{"allow":["GET"]}}],"collection":[{"href":"https:\/\/mesanacorporate.com\/es\/wp-json\/wp\/v2\/pages"}],"about":[{"href":"https:\/\/mesanacorporate.com\/es\/wp-json\/wp\/v2\/types\/page"}],"author":[{"embeddable":true,"href":"https:\/\/mesanacorporate.com\/es\/wp-json\/wp\/v2\/users\/1"}],"replies":[{"embeddable":true,"href":"https:\/\/mesanacorporate.com\/es\/wp-json\/wp\/v2\/comments?post=18388"}],"version-history":[{"count":1,"href":"https:\/\/mesanacorporate.com\/es\/wp-json\/wp\/v2\/pages\/18388\/revisions"}],"predecessor-version":[{"id":19246,"href":"https:\/\/mesanacorporate.com\/es\/wp-json\/wp\/v2\/pages\/18388\/revisions\/19246"}],"wp:attachment":[{"href":"https:\/\/mesanacorporate.com\/es\/wp-json\/wp\/v2\/media?parent=18388"}],"curies":[{"name":"wp","href":"https:\/\/api.w.org\/{rel}","templated":true}]}}