{"id":18386,"date":"2025-04-15T14:16:29","date_gmt":"2025-04-15T12:16:29","guid":{"rendered":"https:\/\/mesanacorporate.com\/cookies-policy\/"},"modified":"2026-02-24T19:07:49","modified_gmt":"2026-02-24T18:07:49","slug":"politica-de-cookies","status":"publish","type":"page","link":"https:\/\/mesanacorporate.com\/es\/politica-de-cookies\/","title":{"rendered":"Pol\u00edtica de Cookies"},"content":{"rendered":"\t\t<div data-elementor-type=\"wp-page\" data-elementor-id=\"18386\" class=\"elementor elementor-18386 elementor-17159\">\n\t\t\t\t<div class=\"elementor-element elementor-element-2117a9c e-flex e-con-boxed e-con e-parent \" data-id=\"2117a9c\" data-element_type=\"container\" data-e-type=\"container\" data-settings=\"{&quot;background_background&quot;:&quot;classic&quot;}\">\t\t\t<div class=\"e-con-inner\">\r\n\t\t\t\t<div class=\"elementor-element elementor-element-9d4980e elementor-widget elementor-widget-text-editor\" data-id=\"9d4980e\" data-element_type=\"widget\" data-e-type=\"widget\" data-widget_type=\"text-editor.default\">\n\t\t\t\t<div class=\"elementor-widget-container\">\n\t\t\t\t\t\t\t\t\t<h4>\u00bfQu\u00e9 son las cookies?<\/h4><p>Esta p\u00e1gina utiliza cookies. Una cookie es un archivo de descarga que se instala en el navegador de su ordenador. Las cookies permiten a una p\u00e1gina web, entre otras cosas, almacenar y recuperar informaci\u00f3n acerca de los h\u00e1bitos de navegaci\u00f3n del usuario o de su ordenador y, dependiendo de la informaci\u00f3n que contenga y de la forma en que utilice su ordenador, pueden utilizarse para reconocer al usuario.<\/p><h4>\u00bfC\u00f3mo tratamos los datos que obtenemos con las cookies?<\/h4><ul><li><strong>Responsable:<\/strong> Mesana Corporate Advisory, S.L.<\/li><li><strong>Direcci\u00f3n postal<\/strong>: C\/ Serrano 107, Madrid<\/li><li><strong>Email:<\/strong> <a href=\"mailto:info@mesanacorporacion.com\">info@mesanacorporacion.com<\/a><\/li><li><strong>Legitimaci\u00f3n:<\/strong> Salvo en los casos en los que resulte necesario para la navegaci\u00f3n por la web, por consentimiento del interesado (art. 6.1.a GDPR)<\/li><li><strong>Derechos:<\/strong> Derecho a retirar el consentimiento en cualquier momento; Derecho de acceso, rectificaci\u00f3n, portabilidad y supresi\u00f3n de sus datos y a la limitaci\u00f3n u oposici\u00f3n a su tratamiento; en los datos de contacto indicados anteriormente. Derecho a presentar una reclamaci\u00f3n ante la AEPD (www.aepd.es) si considera que el tratamiento no se ajusta a la normativa vigente.<\/li><\/ul><h4>\u00bfQu\u00e9 tipolog\u00eda de cookies se utilizan en esta web?<\/h4><p>En este apartado indicamos (i) a qu\u00e9 terceros se ceden los datos que se recopilan con la instalaci\u00f3n de las cookies; (ii) durante qu\u00e9 tiempo las conservamos y (iii) la finalidad que persiguen.<\/p><p>(i) Tipos de cookies seg\u00fan quien sea la entidad que gestione el equipo o dominio desde donde se env\u00edan las cookies y trate los datos que se obtengan, podemos distinguir:<\/p><ul><li><strong>Cookies propias:<\/strong> Son aqu\u00e9llas que se env\u00edan al equipo terminal del usuario desde un equipo o dominio gestionado por el propio editor y desde el que se presta el servicio solicitado por el usuario.<\/li><li><strong>Cookies de terceros:<\/strong> Son aqu\u00e9llas que se env\u00edan al equipo terminal del usuario desde un equipo o dominio que no es gestionado por el editor, sino por otra entidad que trata los datos obtenidos trav\u00e9s de las cookies.<\/li><\/ul><p>(ii) Tipos de cookies seg\u00fan el plazo de tiempo que permanecen activadas en el equipo terminal:<\/p><ul><li><strong>Cookies de sesi\u00f3n:<\/strong> Son un tipo de cookies dise\u00f1adas para recabar y almacenar datos mientras el usuario accede a una p\u00e1gina web.<\/li><li><strong>Cookies persistentes:<\/strong> Son un tipo de cookies que permiten que los datos se almacenen en el terminal y pueden ser accedidos y tratados durante un periodo definido por el responsable de la cookie, y que puede ir de unos minutos a varios a\u00f1os.<\/li><\/ul><p>(iii) Tipos de cookies seg\u00fan su finalidad:<\/p><ul><li><strong>Cookies t\u00e9cnicas:<\/strong> Son aquellas necesarias para el buen funcionamiento de la p\u00e1gina web y que son imprescindibles para que el usuario pueda utilizar los servicios y acceder al contenido que solicite el usuario e interactuar con sus funcionalidades. Su desactivaci\u00f3n podr\u00eda impedir el correcto funcionamiento de la p\u00e1gina web.<\/li><li><strong>Cookies anal\u00edticas:<\/strong> son aquellas que permiten el seguimiento y an\u00e1lisis del comportamiento del usuario del sitio web al que est\u00e1n vinculadas. La informaci\u00f3n que se recaba se utiliza para la medici\u00f3n de audiencias, tr\u00e1fico e implicaci\u00f3n con la p\u00e1gina web. Asimismo, permiten conocer el navegador utilizado o el idioma elegido, entre otras. Estas cookies, se activan de forma autom\u00e1tica en nuestra p\u00e1gina web, no obstante, puede deshabilitar estas cookies mediante los sistemas de exclusi\u00f3n proporcionados por las herramientas o mediante la configuraci\u00f3n del navegador.<\/li><li><strong>Cookies sociales:<\/strong> son establecidas por las plataformas de redes sociales en los servicios para permitirle compartir contenido con sus amigos y redes. Las plataformas de medios sociales tienen la capacidad de rastrear su actividad en l\u00ednea fuera de los Servicios. Esto puede afectar al contenido y los mensajes que ve en otros servicios que visita.<\/li><li><strong>Cookies de seguridad:<\/strong> almacenan informaci\u00f3n cifrada para evitar que los datos guardados en ellas sean vulnerables a ataques maliciosos de terceros.<\/li><\/ul><p><strong>Cookies utilizadas en este sitio web<\/strong><\/p><p><span style=\"text-decoration: underline;\">Necesarias<\/span><\/p><p>wpEmojiSettingsSupports<br \/>Duration: sesi\u00f3n<br \/>Description: WordPress sets this cookie when a user interacts with emojis on a WordPress site. It helps determine if the user&#8217;s browser can display emojis properly.<\/p><p>cookieyes-consent<br \/>Duration: 1 Year<br \/>Description: CookieYes establece esta cookie para recordar las preferencias de consentimiento de los usuarios, de modo que se respeten sus preferencias en las siguientes visitas a este sitio. No recoge ni almacena ninguna informaci\u00f3n personal sobre los visitantes del sitio.<\/p><h4>Panel de configuraci\u00f3n de cookies<\/h4><p>Desde este panel podr\u00e1 configurar las cookies que el sitio web puede instalar en su navegador, excepto las cookies t\u00e9cnicas o funcionales que son necesarias para la navegaci\u00f3n y la utilizaci\u00f3n de las diferentes opciones o servicios que se ofrecen.<\/p><p>La desactivaci\u00f3n de algunas cookies, puede ocasionar que algunas de las utilidades de que dispone el Sitio Web no funcionen correctamente.<\/p><p>Panel de Cookies<\/p><h4>C\u00f3mo gestionar las cookies desde el navegador<\/h4><p>Asimismo, le informamos que el usuario puede ajustar con facilidad la configuraci\u00f3n de su navegador para bloquear o eliminar las cookies instaladas en cualquier momento. No obstante, esta deshabilitaci\u00f3n podr\u00eda modificar el funcionamiento de la p\u00e1gina web y provocar que determinados servicios de la p\u00e1gina web no se encuentren disponibles.<\/p><p><em>Eliminar las cookies del dispositivo<\/em><br \/>Las cookies que ya est\u00e1n en un dispositivo se pueden eliminar borrando el historial del navegador, con lo que se suprimen las cookies de todos los sitios web visitados. Sin embargo, tambi\u00e9n se puede perder parte de la informaci\u00f3n guardada (por ejemplo, los datos de inicio de sesi\u00f3n o las preferencias de sitio web).<\/p><p><em>Gestionar las cookies espec\u00edficas del sitio<\/em><br \/>Para tener un control m\u00e1s preciso de las cookies espec\u00edficas de cada sitio, los usuarios pueden ajustar su configuraci\u00f3n de privacidad y cookies en el navegador.<\/p><p><em>Bloquear las cookies<\/em><br \/>Aunque la mayor\u00eda de los navegadores modernos se pueden configurar para evitar que se instalen cookies en los dispositivos, eso puede obligar al ajuste manual de determinadas preferencias cada vez que se visite un sitio o p\u00e1gina. Adem\u00e1s, algunos servicios y caracter\u00edsticas pueden no funcionar correctamente (por ejemplo, los inicios de sesi\u00f3n con perfil).<\/p><h4>C\u00f3mo eliminar las cookies de los navegadores m\u00e1s comunes<\/h4><p>Cada navegador tiene una configuraci\u00f3n distinta para inhabilitar las cookies. A continuaci\u00f3n se muestran los pasos a seguir para desactivar o eliminar las cookies en sus principales navegadores:<\/p><p>Internet Explorer: Herramientas&gt; Opciones de Internet&gt; Privacidad<br \/>O bien <a href=\"https:\/\/support.microsoft.com\/es-es\/help\/17442\/windows-internet-explorer-delete-manage-cookies\"><em>haz clic aqu\u00ed<\/em><\/a> para m\u00e1s informaci\u00f3n.<\/p><p>Firefox: Herramientas&gt; Opciones&gt; Privacidad&gt; Historial&gt; Ajustes personalizados.<br \/>O bien <a href=\"https:\/\/support.mozilla.org\/es\/kb\/habilitar-y-deshabilitar-cookies-sitios-web-rastrear-preferencias\"><em>haz clic aqu\u00ed<\/em><\/a> para m\u00e1s informaci\u00f3n.<\/p><p>Chrome: Configuraci\u00f3n&gt; Mostrar configuraci\u00f3n avanzada&gt; Privacidad&gt; Configuraci\u00f3n de contenido.<br \/>O bien <a href=\"https:\/\/support.google.com\/chrome\/answer\/95647?co=GENIE.Platform%3DDesktop&amp;hl=es\"><em>haz clic aqu\u00ed<\/em><\/a> para m\u00e1s informaci\u00f3n.<\/p><p>Safari: Preferencias&gt; Seguridad.<br \/>O bien <a href=\"https:\/\/support.apple.com\/es-es\/guide\/safari\/sfri11471\/mac\"><em>haz clic aqu\u00ed<\/em><\/a> para m\u00e1s informaci\u00f3n.<\/p><p>Opera: Configuraci\u00f3n.<br \/>O bien <a href=\"https:\/\/www.habilitarlascookies.com\/como-habilitar-las-cookies-en-opera.html\"><em>haz clic aqu\u00ed<\/em><\/a>\u00a0para m\u00e1s informaci\u00f3n.<\/p><p>Esta Pol\u00edtica de Cookies puede ser modificada en funci\u00f3n de las modificaciones legislativas a fin de adaptarla a las instrucciones dictadas por la Agencias Espa\u00f1ola de Protecci\u00f3n de Datos, por lo que se recomienda a los usuarios que la consulten peri\u00f3dicamente.<\/p><p>Puede obtener m\u00e1s informaci\u00f3n sobre el tratamiento de sus datos realizado por Mesana Corporate Advisory, S.L., as\u00ed como sobre el modo de ejercitar sus derechos en nuestra <a href=\"https:\/\/mesanacorporate.com\/privacy-policy\/\">Pol\u00edtica de Privacidad<\/a>.<\/p>\t\t\t\t\t\t\t\t<\/div>\n\t\t\t\t<\/div>\n\t\t\t\t\t<\/div>\r\n\t\t\t\t<\/div>\r\n\t\t\t\t<\/div>\n\t\t","protected":false},"excerpt":{"rendered":"<p>\u00bfQu\u00e9 son las cookies? Esta p\u00e1gina utiliza cookies. Una cookie es un archivo de descarga que se instala en el navegador de su ordenador. Las cookies permiten a una p\u00e1gina web, entre otras cosas, almacenar y recuperar informaci\u00f3n acerca de los h\u00e1bitos de navegaci\u00f3n del usuario o de su ordenador y, dependiendo de la informaci\u00f3n [&hellip;]<\/p>\n","protected":false},"author":1,"featured_media":0,"parent":0,"menu_order":0,"comment_status":"closed","ping_status":"closed","template":"","meta":{"footnotes":""},"class_list":["post-18386","page","type-page","status-publish","hentry"],"yoast_head":"<!-- This site is optimized with the Yoast SEO plugin v27.0 - https:\/\/yoast.com\/product\/yoast-seo-wordpress\/ -->\n<title>Mesana Corporate &#8211; Pol\u00edtica de Cookies<\/title>\n<meta name=\"robots\" content=\"index, follow, max-snippet:-1, max-image-preview:large, max-video-preview:-1\" \/>\n<link rel=\"canonical\" href=\"https:\/\/mesanacorporate.com\/es\/politica-de-cookies\/\" \/>\n<meta property=\"og:locale\" content=\"es_ES\" \/>\n<meta property=\"og:type\" content=\"article\" \/>\n<meta property=\"og:title\" content=\"Mesana Corporate &#8211; Pol\u00edtica de Cookies\" \/>\n<meta property=\"og:description\" content=\"\u00bfQu\u00e9 son las cookies? Esta p\u00e1gina utiliza cookies. Una cookie es un archivo de descarga que se instala en el navegador de su ordenador. Las cookies permiten a una p\u00e1gina web, entre otras cosas, almacenar y recuperar informaci\u00f3n acerca de los h\u00e1bitos de navegaci\u00f3n del usuario o de su ordenador y, dependiendo de la informaci\u00f3n [&hellip;]\" \/>\n<meta property=\"og:url\" content=\"https:\/\/mesanacorporate.com\/es\/politica-de-cookies\/\" \/>\n<meta property=\"og:site_name\" content=\"Mesana Corporate\" \/>\n<meta property=\"article:modified_time\" content=\"2026-02-24T18:07:49+00:00\" \/>\n<meta name=\"twitter:card\" content=\"summary_large_image\" \/>\n<meta name=\"twitter:label1\" content=\"Tiempo de lectura\" \/>\n\t<meta name=\"twitter:data1\" content=\"6 minutos\" \/>\n<script type=\"application\/ld+json\" class=\"yoast-schema-graph\">{\"@context\":\"https:\/\/schema.org\",\"@graph\":[{\"@type\":\"WebPage\",\"@id\":\"https:\/\/mesanacorporate.com\/es\/politica-de-cookies\/\",\"url\":\"https:\/\/mesanacorporate.com\/es\/politica-de-cookies\/\",\"name\":\"Mesana Corporate &#8211; Pol\u00edtica de Cookies\",\"isPartOf\":{\"@id\":\"https:\/\/mesanacorporate.com\/es\/#website\"},\"datePublished\":\"2025-04-15T12:16:29+00:00\",\"dateModified\":\"2026-02-24T18:07:49+00:00\",\"breadcrumb\":{\"@id\":\"https:\/\/mesanacorporate.com\/es\/politica-de-cookies\/#breadcrumb\"},\"inLanguage\":\"es\",\"potentialAction\":[{\"@type\":\"ReadAction\",\"target\":[\"https:\/\/mesanacorporate.com\/es\/politica-de-cookies\/\"]}]},{\"@type\":\"BreadcrumbList\",\"@id\":\"https:\/\/mesanacorporate.com\/es\/politica-de-cookies\/#breadcrumb\",\"itemListElement\":[{\"@type\":\"ListItem\",\"position\":1,\"name\":\"Home\",\"item\":\"https:\/\/mesanacorporate.com\/es\/\"},{\"@type\":\"ListItem\",\"position\":2,\"name\":\"Pol\u00edtica de Cookies\"}]},{\"@type\":\"WebSite\",\"@id\":\"https:\/\/mesanacorporate.com\/es\/#website\",\"url\":\"https:\/\/mesanacorporate.com\/es\/\",\"name\":\"Mesana Corporate\",\"description\":\"High-value added strategic and corporate finance services\",\"publisher\":{\"@id\":\"https:\/\/mesanacorporate.com\/es\/#organization\"},\"potentialAction\":[{\"@type\":\"SearchAction\",\"target\":{\"@type\":\"EntryPoint\",\"urlTemplate\":\"https:\/\/mesanacorporate.com\/es\/?s={search_term_string}\"},\"query-input\":{\"@type\":\"PropertyValueSpecification\",\"valueRequired\":true,\"valueName\":\"search_term_string\"}}],\"inLanguage\":\"es\"},{\"@type\":\"Organization\",\"@id\":\"https:\/\/mesanacorporate.com\/es\/#organization\",\"name\":\"Mesana Corporaci\u00f3n\",\"url\":\"https:\/\/mesanacorporate.com\/es\/\",\"logo\":{\"@type\":\"ImageObject\",\"inLanguage\":\"es\",\"@id\":\"https:\/\/mesanacorporate.com\/es\/#\/schema\/logo\/image\/\",\"url\":\"https:\/\/mesanacorporate.com\/wp-content\/uploads\/2025\/07\/mesana-corporate-600.jpg\",\"contentUrl\":\"https:\/\/mesanacorporate.com\/wp-content\/uploads\/2025\/07\/mesana-corporate-600.jpg\",\"width\":600,\"height\":600,\"caption\":\"Mesana Corporaci\u00f3n\"},\"image\":{\"@id\":\"https:\/\/mesanacorporate.com\/es\/#\/schema\/logo\/image\/\"}}]}<\/script>\n<!-- \/ Yoast SEO plugin. -->","yoast_head_json":{"title":"Mesana Corporate &#8211; Pol\u00edtica de Cookies","robots":{"index":"index","follow":"follow","max-snippet":"max-snippet:-1","max-image-preview":"max-image-preview:large","max-video-preview":"max-video-preview:-1"},"canonical":"https:\/\/mesanacorporate.com\/es\/politica-de-cookies\/","og_locale":"es_ES","og_type":"article","og_title":"Mesana Corporate &#8211; Pol\u00edtica de Cookies","og_description":"\u00bfQu\u00e9 son las cookies? Esta p\u00e1gina utiliza cookies. Una cookie es un archivo de descarga que se instala en el navegador de su ordenador. Las cookies permiten a una p\u00e1gina web, entre otras cosas, almacenar y recuperar informaci\u00f3n acerca de los h\u00e1bitos de navegaci\u00f3n del usuario o de su ordenador y, dependiendo de la informaci\u00f3n [&hellip;]","og_url":"https:\/\/mesanacorporate.com\/es\/politica-de-cookies\/","og_site_name":"Mesana Corporate","article_modified_time":"2026-02-24T18:07:49+00:00","twitter_card":"summary_large_image","twitter_misc":{"Tiempo de lectura":"6 minutos"},"schema":{"@context":"https:\/\/schema.org","@graph":[{"@type":"WebPage","@id":"https:\/\/mesanacorporate.com\/es\/politica-de-cookies\/","url":"https:\/\/mesanacorporate.com\/es\/politica-de-cookies\/","name":"Mesana Corporate &#8211; Pol\u00edtica de Cookies","isPartOf":{"@id":"https:\/\/mesanacorporate.com\/es\/#website"},"datePublished":"2025-04-15T12:16:29+00:00","dateModified":"2026-02-24T18:07:49+00:00","breadcrumb":{"@id":"https:\/\/mesanacorporate.com\/es\/politica-de-cookies\/#breadcrumb"},"inLanguage":"es","potentialAction":[{"@type":"ReadAction","target":["https:\/\/mesanacorporate.com\/es\/politica-de-cookies\/"]}]},{"@type":"BreadcrumbList","@id":"https:\/\/mesanacorporate.com\/es\/politica-de-cookies\/#breadcrumb","itemListElement":[{"@type":"ListItem","position":1,"name":"Home","item":"https:\/\/mesanacorporate.com\/es\/"},{"@type":"ListItem","position":2,"name":"Pol\u00edtica de Cookies"}]},{"@type":"WebSite","@id":"https:\/\/mesanacorporate.com\/es\/#website","url":"https:\/\/mesanacorporate.com\/es\/","name":"Mesana Corporate","description":"High-value added strategic and corporate finance services","publisher":{"@id":"https:\/\/mesanacorporate.com\/es\/#organization"},"potentialAction":[{"@type":"SearchAction","target":{"@type":"EntryPoint","urlTemplate":"https:\/\/mesanacorporate.com\/es\/?s={search_term_string}"},"query-input":{"@type":"PropertyValueSpecification","valueRequired":true,"valueName":"search_term_string"}}],"inLanguage":"es"},{"@type":"Organization","@id":"https:\/\/mesanacorporate.com\/es\/#organization","name":"Mesana Corporaci\u00f3n","url":"https:\/\/mesanacorporate.com\/es\/","logo":{"@type":"ImageObject","inLanguage":"es","@id":"https:\/\/mesanacorporate.com\/es\/#\/schema\/logo\/image\/","url":"https:\/\/mesanacorporate.com\/wp-content\/uploads\/2025\/07\/mesana-corporate-600.jpg","contentUrl":"https:\/\/mesanacorporate.com\/wp-content\/uploads\/2025\/07\/mesana-corporate-600.jpg","width":600,"height":600,"caption":"Mesana Corporaci\u00f3n"},"image":{"@id":"https:\/\/mesanacorporate.com\/es\/#\/schema\/logo\/image\/"}}]}},"_links":{"self":[{"href":"https:\/\/mesanacorporate.com\/es\/wp-json\/wp\/v2\/pages\/18386","targetHints":{"allow":["GET"]}}],"collection":[{"href":"https:\/\/mesanacorporate.com\/es\/wp-json\/wp\/v2\/pages"}],"about":[{"href":"https:\/\/mesanacorporate.com\/es\/wp-json\/wp\/v2\/types\/page"}],"author":[{"embeddable":true,"href":"https:\/\/mesanacorporate.com\/es\/wp-json\/wp\/v2\/users\/1"}],"replies":[{"embeddable":true,"href":"https:\/\/mesanacorporate.com\/es\/wp-json\/wp\/v2\/comments?post=18386"}],"version-history":[{"count":1,"href":"https:\/\/mesanacorporate.com\/es\/wp-json\/wp\/v2\/pages\/18386\/revisions"}],"predecessor-version":[{"id":19247,"href":"https:\/\/mesanacorporate.com\/es\/wp-json\/wp\/v2\/pages\/18386\/revisions\/19247"}],"wp:attachment":[{"href":"https:\/\/mesanacorporate.com\/es\/wp-json\/wp\/v2\/media?parent=18386"}],"curies":[{"name":"wp","href":"https:\/\/api.w.org\/{rel}","templated":true}]}}